{"id":866,"date":"2022-02-10T17:07:19","date_gmt":"2022-02-10T16:07:19","guid":{"rendered":"https:\/\/www.vicolo39.ch\/saint-valentin\/"},"modified":"2022-02-11T10:25:09","modified_gmt":"2022-02-11T09:25:09","slug":"san-valentino","status":"publish","type":"page","link":"https:\/\/www.vicolo39.ch\/it\/san-valentino\/","title":{"rendered":"San Valentino"},"content":{"rendered":"[vc_row type=&#8221;full_width_background&#8221; full_screen_row_position=&#8221;middle&#8221; column_margin=&#8221;default&#8221; equal_height=&#8221;yes&#8221; column_direction=&#8221;default&#8221; column_direction_tablet=&#8221;default&#8221; column_direction_phone=&#8221;default&#8221; bg_image=&#8221;852&#8243; bg_position=&#8221;center center&#8221; bg_repeat=&#8221;no-repeat&#8221; full_height=&#8221;yes&#8221; scene_position=&#8221;center&#8221; text_color=&#8221;light&#8221; text_align=&#8221;left&#8221; row_border_radius=&#8221;none&#8221; row_border_radius_applies=&#8221;bg&#8221; row_name=&#8221;Dessert&#8221; enable_gradient=&#8221;true&#8221; color_overlay=&#8221;#bf8c00&#8243; color_overlay_2=&#8221;#333333&#8243; overlay_strength=&#8221;0.5&#8243; gradient_direction=&#8221;left_t_to_right_b&#8221; shape_divider_position=&#8221;bottom&#8221; bg_image_animation=&#8221;none&#8221; shape_type=&#8221;&#8221;][vc_column column_padding=&#8221;padding-5-percent&#8221; column_padding_tablet=&#8221;inherit&#8221; column_padding_phone=&#8221;inherit&#8221; column_padding_position=&#8221;top-bottom&#8221; background_color_opacity=&#8221;1&#8243; background_hover_color_opacity=&#8221;1&#8243; column_shadow=&#8221;none&#8221; column_border_radius=&#8221;none&#8221; column_link_target=&#8221;_self&#8221; gradient_direction=&#8221;left_to_right&#8221; overlay_strength=&#8221;0.3&#8243; width=&#8221;1\/1&#8243; tablet_width_inherit=&#8221;default&#8221; tablet_text_alignment=&#8221;default&#8221; phone_text_alignment=&#8221;default&#8221; column_border_width=&#8221;none&#8221; column_border_style=&#8221;solid&#8221; bg_image_animation=&#8221;none&#8221;][vc_custom_heading text=&#8221;San Valentino&#8221; font_container=&#8221;tag:h2|text_align:center|color:%23ffffff&#8221; use_theme_fonts=&#8221;yes&#8221; css_animation=&#8221;fadeIn&#8221;][vc_custom_heading text=&#8221;Men\u00f9 di luned\u00ec 14 febbraio&#8221; font_container=&#8221;tag:h6|text_align:center|color:%23ffffff&#8221; use_theme_fonts=&#8221;yes&#8221; css_animation=&#8221;fadeIn&#8221;][vc_custom_heading text=&#8221;Chf 75.- per ospite, bevande escluse&#8221; font_container=&#8221;tag:h5|text_align:center|color:%23ffffff&#8221; use_theme_fonts=&#8221;yes&#8221; css_animation=&#8221;fadeIn&#8221;][divider line_type=&#8221;Small Line&#8221; line_alignment=&#8221;center&#8221; line_thickness=&#8221;2&#8243; divider_color=&#8221;default&#8221; animate=&#8221;yes&#8221; custom_height=&#8221;50&#8243;][vc_row_inner equal_height=&#8221;yes&#8221; content_placement=&#8221;top&#8221; column_margin=&#8221;90px&#8221; column_direction=&#8221;default&#8221; column_direction_tablet=&#8221;default&#8221; column_direction_phone=&#8221;default&#8221; text_align=&#8221;left&#8221;][vc_column_inner column_padding=&#8221;no-extra-padding&#8221; column_padding_tablet=&#8221;inherit&#8221; column_padding_phone=&#8221;inherit&#8221; column_padding_position=&#8221;all&#8221; background_color_opacity=&#8221;1&#8243; background_hover_color_opacity=&#8221;1&#8243; column_shadow=&#8221;none&#8221; column_border_radius=&#8221;none&#8221; column_link_target=&#8221;_self&#8221; gradient_direction=&#8221;left_to_right&#8221; overlay_strength=&#8221;0.3&#8243; width=&#8221;1\/6&#8243; tablet_width_inherit=&#8221;default&#8221; column_border_width=&#8221;none&#8221; column_border_style=&#8221;solid&#8221; bg_image_animation=&#8221;none&#8221;][\/vc_column_inner][vc_column_inner column_padding=&#8221;no-extra-padding&#8221; column_padding_tablet=&#8221;inherit&#8221; column_padding_phone=&#8221;inherit&#8221; column_padding_position=&#8221;all&#8221; background_color_opacity=&#8221;1&#8243; background_hover_color_opacity=&#8221;1&#8243; column_shadow=&#8221;none&#8221; column_border_radius=&#8221;none&#8221; column_link_target=&#8221;_self&#8221; gradient_direction=&#8221;left_to_right&#8221; overlay_strength=&#8221;0.3&#8243; width=&#8221;4\/6&#8243; tablet_width_inherit=&#8221;default&#8221; column_border_width=&#8221;none&#8221; column_border_style=&#8221;solid&#8221; bg_image_animation=&#8221;none&#8221;][nectar_food_menu_item style=&#8221;default&#8221; item_name_heading_tag=&#8221;h5&#8243; item_name=&#8221;AMUSE-BOUCHES : CROCCANTINO DOLCE SALATO ALLA LIQUIRIZIA, ZEPPOLINE ALLE ALGHE E VERRINA GELE AL POMODORO E ESPUMA DI PARMIGIANO REGGIANO&#8221; item_description=&#8221;Amuse-bouches : Sucette sucr\u00e9e-sal\u00e9e \u00e0 la r\u00e9glisse, Beignets aux algues et Verrine de gel\u00e9e de tomate et espuma de parmesan&#8221;][nectar_food_menu_item style=&#8221;default&#8221; item_name_heading_tag=&#8221;h5&#8243; item_name=&#8221;CEVICHE DE BAR, VERDURE D\u2019INVERNO CROCCANTI, INSALATA GHIACCIATA E FRUTTO DELLA PASSIONE&#8221; item_description=&#8221;Ceviche de bar, l\u00e9gumes croquants d\u2019hiver, salade glac\u00e9e et fruit de la passion&#8221;][nectar_food_menu_item style=&#8221;default&#8221; item_name_heading_tag=&#8221;h5&#8243; item_name=&#8221;RICCIOLA CONFIT ALL\u2019OLIO AROMATIZZATO, OLANDESE ACIDA ALLE ERBE, VERDURE IN AGRODOLCE E BOTTARGA DI TONNO&#8221; item_description=&#8221;S\u00e9riole confite \u00e0 l\u2019huile extra vierge d\u2019olive, hollandaise aux agrumes et aux herbes aromatiques, l\u00e9gumes d\u2019hiver en aigre-doux et poutargue de thon&#8221;][nectar_food_menu_item style=&#8221;default&#8221; item_name_heading_tag=&#8221;h5&#8243; item_name=&#8221;LINGUINE AI CROSTACEI, PARMIGIANO 48 MESI, ARIA AL PEPE DI SECHUAN, PEPERONE CRUSCO E LIME&#8221; item_description=&#8221;Linguine aux crustac\u00e9s, parmesan affin\u00e9 48 mois, \u00e9cume au poivre de S\u00e9chuan, poivron crusco et citron vert&#8221;][nectar_food_menu_item style=&#8221;default&#8221; item_name_heading_tag=&#8221;h5&#8243; item_name=&#8221;PANCIA DI MAIALINO CROCCANTE, PASTINACA ARROSTO, PUREA DI MELA BOSCOP, JUS AL PEPERONCINO, MARMELLATA DI ARANCE AMARE&#8221; item_description=&#8221;Poitrine de porc croquante, panais r\u00f4ti, pur\u00e9e de pomme Boscop, jus au piment et confiture d\u2019oranges de Sicile&#8221;][nectar_food_menu_item style=&#8221;default&#8221; item_name_heading_tag=&#8221;h5&#8243; item_name=&#8221;RHUM E PERA&#8221; item_description=&#8221;Sorbet poire et mousse ti\u00e8de au rhum&#8221;][nectar_food_menu_item style=&#8221;default&#8221; item_name_heading_tag=&#8221;h5&#8243; item_name=&#8221;DESSERT DEL NOSTRO PASTICCERE&#8221; item_description=&#8221;Gourmandise de notre Chef P\u00e2tissier&#8221;][\/vc_column_inner][vc_column_inner column_padding=&#8221;no-extra-padding&#8221; column_padding_tablet=&#8221;inherit&#8221; column_padding_phone=&#8221;inherit&#8221; column_padding_position=&#8221;all&#8221; background_color_opacity=&#8221;1&#8243; background_hover_color_opacity=&#8221;1&#8243; column_shadow=&#8221;none&#8221; column_border_radius=&#8221;none&#8221; column_link_target=&#8221;_self&#8221; gradient_direction=&#8221;left_to_right&#8221; overlay_strength=&#8221;0.3&#8243; width=&#8221;1\/6&#8243; tablet_width_inherit=&#8221;default&#8221; column_border_width=&#8221;none&#8221; column_border_style=&#8221;solid&#8221; bg_image_animation=&#8221;none&#8221;][\/vc_column_inner][\/vc_row_inner][divider line_type=&#8221;No Line&#8221; custom_height=&#8221;100&#8243;][\/vc_column][\/vc_row]\n","protected":false},"excerpt":{"rendered":"<p>[vc_row type=&#8221;full_width_background&#8221; full_screen_row_position=&#8221;middle&#8221; column_margin=&#8221;default&#8221; equal_height=&#8221;yes&#8221; column_direction=&#8221;default&#8221; column_direction_tablet=&#8221;default&#8221; column_direction_phone=&#8221;default&#8221; bg_image=&#8221;852&#8243; bg_position=&#8221;center center&#8221; bg_repeat=&#8221;no-repeat&#8221; full_height=&#8221;yes&#8221; scene_position=&#8221;center&#8221; text_color=&#8221;light&#8221; text_align=&#8221;left&#8221; row_border_radius=&#8221;none&#8221; row_border_radius_applies=&#8221;bg&#8221; row_name=&#8221;Dessert&#8221; enable_gradient=&#8221;true&#8221; color_overlay=&#8221;#bf8c00&#8243; color_overlay_2=&#8221;#333333&#8243; overlay_strength=&#8221;0.5&#8243; gradient_direction=&#8221;left_t_to_right_b&#8221; shape_divider_position=&#8221;bottom&#8221; bg_image_animation=&#8221;none&#8221; shape_type=&#8221;&#8221;][vc_column column_padding=&#8221;padding-5-percent&#8221; column_padding_tablet=&#8221;inherit&#8221; column_padding_phone=&#8221;inherit&#8221;&#8230;<\/p>\n","protected":false},"author":1,"featured_media":0,"parent":0,"menu_order":0,"comment_status":"closed","ping_status":"closed","template":"","meta":{"footnotes":""},"class_list":["post-866","page","type-page","status-publish"],"yoast_head":"<!-- This site is optimized with the Yoast SEO plugin v27.0 - https:\/\/yoast.com\/product\/yoast-seo-wordpress\/ -->\n<title>San Valentino - VICOLO39<\/title>\n<meta name=\"robots\" content=\"index, follow, max-snippet:-1, max-image-preview:large, max-video-preview:-1\" \/>\n<link rel=\"canonical\" href=\"https:\/\/www.vicolo39.ch\/it\/san-valentino\/\" \/>\n<meta property=\"og:locale\" content=\"it_IT\" \/>\n<meta property=\"og:type\" content=\"article\" \/>\n<meta property=\"og:title\" content=\"San Valentino - VICOLO39\" \/>\n<meta property=\"og:description\" content=\"[vc_row type=&#8221;full_width_background&#8221; full_screen_row_position=&#8221;middle&#8221; column_margin=&#8221;default&#8221; equal_height=&#8221;yes&#8221; column_direction=&#8221;default&#8221; column_direction_tablet=&#8221;default&#8221; column_direction_phone=&#8221;default&#8221; bg_image=&#8221;852&#8243; bg_position=&#8221;center center&#8221; bg_repeat=&#8221;no-repeat&#8221; full_height=&#8221;yes&#8221; scene_position=&#8221;center&#8221; text_color=&#8221;light&#8221; text_align=&#8221;left&#8221; row_border_radius=&#8221;none&#8221; row_border_radius_applies=&#8221;bg&#8221; row_name=&#8221;Dessert&#8221; enable_gradient=&#8221;true&#8221; color_overlay=&#8221;#bf8c00&#8243; color_overlay_2=&#8221;#333333&#8243; overlay_strength=&#8221;0.5&#8243; gradient_direction=&#8221;left_t_to_right_b&#8221; shape_divider_position=&#8221;bottom&#8221; bg_image_animation=&#8221;none&#8221; shape_type=&#8221;&#8221;][vc_column column_padding=&#8221;padding-5-percent&#8221; column_padding_tablet=&#8221;inherit&#8221; column_padding_phone=&#8221;inherit&#8221;...\" \/>\n<meta property=\"og:url\" content=\"https:\/\/www.vicolo39.ch\/it\/san-valentino\/\" \/>\n<meta property=\"og:site_name\" content=\"VICOLO39\" \/>\n<meta property=\"article:modified_time\" content=\"2022-02-11T09:25:09+00:00\" \/>\n<meta name=\"twitter:card\" content=\"summary_large_image\" \/>\n<meta name=\"twitter:label1\" content=\"Tempo di lettura stimato\" \/>\n\t<meta name=\"twitter:data1\" content=\"4 minuti\" \/>\n<script type=\"application\/ld+json\" class=\"yoast-schema-graph\">{\"@context\":\"https:\/\/schema.org\",\"@graph\":[{\"@type\":\"WebPage\",\"@id\":\"https:\/\/www.vicolo39.ch\/it\/san-valentino\/\",\"url\":\"https:\/\/www.vicolo39.ch\/it\/san-valentino\/\",\"name\":\"San Valentino - VICOLO39\",\"isPartOf\":{\"@id\":\"https:\/\/www.vicolo39.ch\/#website\"},\"datePublished\":\"2022-02-10T16:07:19+00:00\",\"dateModified\":\"2022-02-11T09:25:09+00:00\",\"breadcrumb\":{\"@id\":\"https:\/\/www.vicolo39.ch\/it\/san-valentino\/#breadcrumb\"},\"inLanguage\":\"it-IT\",\"potentialAction\":[{\"@type\":\"ReadAction\",\"target\":[\"https:\/\/www.vicolo39.ch\/it\/san-valentino\/\"]}]},{\"@type\":\"BreadcrumbList\",\"@id\":\"https:\/\/www.vicolo39.ch\/it\/san-valentino\/#breadcrumb\",\"itemListElement\":[{\"@type\":\"ListItem\",\"position\":1,\"name\":\"Home\",\"item\":\"https:\/\/www.vicolo39.ch\/it\/\"},{\"@type\":\"ListItem\",\"position\":2,\"name\":\"San Valentino\"}]},{\"@type\":\"WebSite\",\"@id\":\"https:\/\/www.vicolo39.ch\/#website\",\"url\":\"https:\/\/www.vicolo39.ch\/\",\"name\":\"VICOLO39\",\"description\":\"\",\"potentialAction\":[{\"@type\":\"SearchAction\",\"target\":{\"@type\":\"EntryPoint\",\"urlTemplate\":\"https:\/\/www.vicolo39.ch\/?s={search_term_string}\"},\"query-input\":{\"@type\":\"PropertyValueSpecification\",\"valueRequired\":true,\"valueName\":\"search_term_string\"}}],\"inLanguage\":\"it-IT\"}]}<\/script>\n<!-- \/ Yoast SEO plugin. -->","yoast_head_json":{"title":"San Valentino - VICOLO39","robots":{"index":"index","follow":"follow","max-snippet":"max-snippet:-1","max-image-preview":"max-image-preview:large","max-video-preview":"max-video-preview:-1"},"canonical":"https:\/\/www.vicolo39.ch\/it\/san-valentino\/","og_locale":"it_IT","og_type":"article","og_title":"San Valentino - VICOLO39","og_description":"[vc_row type=&#8221;full_width_background&#8221; full_screen_row_position=&#8221;middle&#8221; column_margin=&#8221;default&#8221; equal_height=&#8221;yes&#8221; column_direction=&#8221;default&#8221; column_direction_tablet=&#8221;default&#8221; column_direction_phone=&#8221;default&#8221; bg_image=&#8221;852&#8243; bg_position=&#8221;center center&#8221; bg_repeat=&#8221;no-repeat&#8221; full_height=&#8221;yes&#8221; scene_position=&#8221;center&#8221; text_color=&#8221;light&#8221; text_align=&#8221;left&#8221; row_border_radius=&#8221;none&#8221; row_border_radius_applies=&#8221;bg&#8221; row_name=&#8221;Dessert&#8221; enable_gradient=&#8221;true&#8221; color_overlay=&#8221;#bf8c00&#8243; color_overlay_2=&#8221;#333333&#8243; overlay_strength=&#8221;0.5&#8243; gradient_direction=&#8221;left_t_to_right_b&#8221; shape_divider_position=&#8221;bottom&#8221; bg_image_animation=&#8221;none&#8221; shape_type=&#8221;&#8221;][vc_column column_padding=&#8221;padding-5-percent&#8221; column_padding_tablet=&#8221;inherit&#8221; column_padding_phone=&#8221;inherit&#8221;...","og_url":"https:\/\/www.vicolo39.ch\/it\/san-valentino\/","og_site_name":"VICOLO39","article_modified_time":"2022-02-11T09:25:09+00:00","twitter_card":"summary_large_image","twitter_misc":{"Tempo di lettura stimato":"4 minuti"},"schema":{"@context":"https:\/\/schema.org","@graph":[{"@type":"WebPage","@id":"https:\/\/www.vicolo39.ch\/it\/san-valentino\/","url":"https:\/\/www.vicolo39.ch\/it\/san-valentino\/","name":"San Valentino - VICOLO39","isPartOf":{"@id":"https:\/\/www.vicolo39.ch\/#website"},"datePublished":"2022-02-10T16:07:19+00:00","dateModified":"2022-02-11T09:25:09+00:00","breadcrumb":{"@id":"https:\/\/www.vicolo39.ch\/it\/san-valentino\/#breadcrumb"},"inLanguage":"it-IT","potentialAction":[{"@type":"ReadAction","target":["https:\/\/www.vicolo39.ch\/it\/san-valentino\/"]}]},{"@type":"BreadcrumbList","@id":"https:\/\/www.vicolo39.ch\/it\/san-valentino\/#breadcrumb","itemListElement":[{"@type":"ListItem","position":1,"name":"Home","item":"https:\/\/www.vicolo39.ch\/it\/"},{"@type":"ListItem","position":2,"name":"San Valentino"}]},{"@type":"WebSite","@id":"https:\/\/www.vicolo39.ch\/#website","url":"https:\/\/www.vicolo39.ch\/","name":"VICOLO39","description":"","potentialAction":[{"@type":"SearchAction","target":{"@type":"EntryPoint","urlTemplate":"https:\/\/www.vicolo39.ch\/?s={search_term_string}"},"query-input":{"@type":"PropertyValueSpecification","valueRequired":true,"valueName":"search_term_string"}}],"inLanguage":"it-IT"}]}},"_links":{"self":[{"href":"https:\/\/www.vicolo39.ch\/it\/wp-json\/wp\/v2\/pages\/866","targetHints":{"allow":["GET"]}}],"collection":[{"href":"https:\/\/www.vicolo39.ch\/it\/wp-json\/wp\/v2\/pages"}],"about":[{"href":"https:\/\/www.vicolo39.ch\/it\/wp-json\/wp\/v2\/types\/page"}],"author":[{"embeddable":true,"href":"https:\/\/www.vicolo39.ch\/it\/wp-json\/wp\/v2\/users\/1"}],"replies":[{"embeddable":true,"href":"https:\/\/www.vicolo39.ch\/it\/wp-json\/wp\/v2\/comments?post=866"}],"version-history":[{"count":4,"href":"https:\/\/www.vicolo39.ch\/it\/wp-json\/wp\/v2\/pages\/866\/revisions"}],"predecessor-version":[{"id":872,"href":"https:\/\/www.vicolo39.ch\/it\/wp-json\/wp\/v2\/pages\/866\/revisions\/872"}],"wp:attachment":[{"href":"https:\/\/www.vicolo39.ch\/it\/wp-json\/wp\/v2\/media?parent=866"}],"curies":[{"name":"wp","href":"https:\/\/api.w.org\/{rel}","templated":true}]}}